{"id":3542,"date":"2020-06-20T09:10:47","date_gmt":"2020-06-20T07:10:47","guid":{"rendered":"https:\/\/gpp-poland.com\/contact\/"},"modified":"2026-03-27T18:12:16","modified_gmt":"2026-03-27T17:12:16","slug":"kontakt","status":"publish","type":"page","link":"https:\/\/gpp-poland.com\/pl\/kontakt\/","title":{"rendered":"Kontakt"},"content":{"rendered":"<div class=\"wpb-content-wrapper\"><p>[vc_row full_width=&#8221;stretch_row&#8221; canvas=&#8221;%5B%7B%22shape%22%3A%22shape-1%22%2C%22image_effect%22%3A%22style-1%22%2C%22smoothness%22%3A%2230%22%7D%5D&#8221; css=&#8221;.vc_custom_1592643306738{background-color: #f8f8f9 !important;}&#8221;][vc_column]<div class=\"deeper-spacer clearfix\" data-config='{\"desktop\":150,\"mobile\":120,\"smobile\":120}'><\/div>[vc_row_inner][vc_column_inner offset=&#8221;vc_col-md-4&#8243;]<div class=\"deeper-content-box clearfix ctb-2040851521\" style=\"\" data-config='{\"padding\":\"70px 50px 86px\",\"mobiPadding\":\"70px 50px 86px\",\"margin\":\"0\",\"mobiMargin\":\"0\",\"bg\":\"#ffffff\",\"round\":\"10px\",\"borderStyleHover\":\"solid\",\"shadowHover\":\"0 30px 70px 0 rgba(227,239,240,0.7)\",\"TranslateYHover\":\"-10\"}'>\r\n\t\t\t\t\t<div class=\"inner \" style=\"overflow:hidden;\">\r\n\t\t\t\t\t\t<div class=\"deeper-icon-box clearfix icon-top align-center\" style=\"\" >\n\t\t\t\t\t<div class=\"deeper-icon icon-top align-center icon-font icon-826758320\" data-config='{\"fontSize\":\"50px\"}'>\n\t\t\t\t\t\t\t\t<span class=\"icon-wrap\"><i class=\"pe7s-pin\"><\/i><\/span>\n\t\t\t\t\t\t\t<\/div> <h3 class=\"heading \" style=\"margin-top:40px;margin-bottom:15px;\">\n\t\t\t\t\t\t<span>Nasz adres<\/span>\n\t\t\t\t\t<\/h3><div class=\"desc \" style=\"\"><p>Majora Hubala 24, 32-090 S\u0142omniki, Poland<\/p>\n<\/div> \n\t\t\t\t<\/div>\r\n\t\t\t\t\t<\/div>\r\n\t\t\t\t\t\r\n\t\t\t\t<\/div><div class=\"deeper-spacer clearfix\" data-config='{\"mobile\":30,\"smobile\":30}'><\/div>[\/vc_column_inner][vc_column_inner offset=&#8221;vc_col-md-4&#8243;]<div class=\"deeper-content-box clearfix ctb-1208832411\" style=\"\" data-config='{\"padding\":\"70px 50px 86px\",\"mobiPadding\":\"70px 50px 86px\",\"margin\":\"0\",\"mobiMargin\":\"0\",\"bg\":\"#ffffff\",\"round\":\"10px\",\"borderStyleHover\":\"solid\",\"shadowHover\":\"0 30px 70px 0 rgba(227,239,240,0.7)\",\"TranslateYHover\":\"-10\"}'>\r\n\t\t\t\t\t<div class=\"inner \" style=\"overflow:hidden;\">\r\n\t\t\t\t\t\t<div class=\"deeper-icon-box clearfix icon-top align-center\" style=\"\" >\n\t\t\t\t\t<div class=\"deeper-icon icon-top align-center icon-font icon-1588701684\" data-config='{\"fontSize\":\"50px\"}'>\n\t\t\t\t\t\t\t\t<span class=\"icon-wrap\"><i class=\"pe7s-phone\"><\/i><\/span>\n\t\t\t\t\t\t\t<\/div> <h3 class=\"heading \" style=\"margin-top:40px;margin-bottom:15px;\">\n\t\t\t\t\t\t<span>Numer telefonu<\/span>\n\t\t\t\t\t<\/h3><div class=\"desc \" style=\"\"><p>Pawe\u0142:<br \/>\n+48 507 968 592<\/p>\n<\/div> \n\t\t\t\t<\/div>\r\n\t\t\t\t\t<\/div>\r\n\t\t\t\t\t\r\n\t\t\t\t<\/div><div class=\"deeper-spacer clearfix\" data-config='{\"mobile\":30,\"smobile\":30}'><\/div>[\/vc_column_inner][vc_column_inner offset=&#8221;vc_col-md-4&#8243;]<div class=\"deeper-content-box clearfix ctb-2093814139\" style=\"\" data-config='{\"padding\":\"70px 50px 86px\",\"mobiPadding\":\"70px 50px 86px\",\"margin\":\"0\",\"mobiMargin\":\"0\",\"bg\":\"#ffffff\",\"round\":\"10px\",\"borderStyleHover\":\"solid\",\"shadowHover\":\"0 30px 70px 0 rgba(227,239,240,0.7)\",\"TranslateYHover\":\"-10\"}'>\r\n\t\t\t\t\t<div class=\"inner \" style=\"overflow:hidden;\">\r\n\t\t\t\t\t\t<div class=\"deeper-icon-box clearfix icon-top align-center\" style=\"\" >\n\t\t\t\t\t<div class=\"deeper-icon icon-top align-center icon-font icon-423603657\" data-config='{\"fontSize\":\"50px\"}'>\n\t\t\t\t\t\t\t\t<span class=\"icon-wrap\"><i class=\"pe7s-mail\"><\/i><\/span>\n\t\t\t\t\t\t\t<\/div> <h3 class=\"heading \" style=\"margin-top:40px;margin-bottom:15px;\">\n\t\t\t\t\t\t<span>Adres email<\/span>\n\t\t\t\t\t<\/h3><div class=\"desc \" style=\"\"><p>Pawe\u0142:<br \/>\npawel@gppoland.com<\/p>\n<\/div> \n\t\t\t\t<\/div>\r\n\t\t\t\t\t<\/div>\r\n\t\t\t\t\t\r\n\t\t\t\t<\/div>[\/vc_column_inner][\/vc_row_inner]<div class=\"deeper-spacer clearfix\" data-config='{\"desktop\":150,\"mobile\":120,\"smobile\":120}'><\/div>[\/vc_column][\/vc_row][vc_row canvas=&#8221;%5B%7B%22shape%22%3A%22shape-1%22%2C%22image_effect%22%3A%22style-1%22%2C%22smoothness%22%3A%2230%22%7D%5D&#8221; el_class=&#8221;contact&#8221;][vc_column]<div class=\"deeper-spacer clearfix\" data-config='{\"desktop\":150,\"mobile\":120,\"smobile\":90}'><\/div>[vc_row_inner equal_height=&#8221;yes&#8221;][vc_column_inner offset=&#8221;vc_col-md-5&#8243;]<div class=\"deeper-content-box clearfix ctb-616140004 wow fadeInUp\" style=\"\" data-config='{\"padding\":\"0\",\"mobiPadding\":\"0\",\"margin\":\"0\",\"mobiMargin\":\"0\",\"borderStyleHover\":\"solid\"}' data-wow-duration=\"0.75s\" data-wow-delay=\"0.3s\">\r\n\t\t\t\t\t<div class=\"inner \" style=\"\">\r\n\t\t\t\t\t\t<h2 class=\"deeper-text align-left \" style=\"margin-bottom:0px;\" ><span>Napisz do nas<\/span>\n<\/h2><div class=\"deeper-spacer clearfix\" data-config='{\"desktop\":50,\"mobile\":80,\"smobile\":60}'><\/div><div class=\"deeper-cf7 form-3660  btn-accent style-1 align-left\" style=\"\">\n<div class=\"wpcf7 no-js\" id=\"wpcf7-f3660-o1\" lang=\"en-US\" dir=\"ltr\" data-wpcf7-id=\"3660\">\n<div class=\"screen-reader-response\"><p role=\"status\" aria-live=\"polite\" aria-atomic=\"true\"><\/p> <ul><\/ul><\/div>\n<form action=\"\/pl\/wp-json\/wp\/v2\/pages\/3542#wpcf7-f3660-o1\" method=\"post\" class=\"wpcf7-form init\" aria-label=\"Contact form\" novalidate=\"novalidate\" data-status=\"init\">\n<fieldset class=\"hidden-fields-container\"><input type=\"hidden\" name=\"_wpcf7\" value=\"3660\" \/><input type=\"hidden\" name=\"_wpcf7_version\" value=\"6.1.4\" \/><input type=\"hidden\" name=\"_wpcf7_locale\" value=\"en_US\" \/><input type=\"hidden\" name=\"_wpcf7_unit_tag\" value=\"wpcf7-f3660-o1\" \/><input type=\"hidden\" name=\"_wpcf7_container_post\" value=\"0\" \/><input type=\"hidden\" name=\"_wpcf7_posted_data_hash\" value=\"\" \/>\n<\/fieldset>\n<p><span class=\"wpcf7-form-control-wrap\" data-name=\"your-name\"><input size=\"40\" maxlength=\"400\" class=\"wpcf7-form-control wpcf7-text wpcf7-validates-as-required\" aria-required=\"true\" aria-invalid=\"false\" placeholder=\"Imi\u0119 i Nazwisko\" value=\"\" type=\"text\" name=\"your-name\" \/><\/span>\n<\/p>\n<p><span class=\"wpcf7-form-control-wrap\" data-name=\"your-company\"><input size=\"40\" maxlength=\"400\" class=\"wpcf7-form-control wpcf7-text wpcf7-validates-as-required\" aria-required=\"true\" aria-invalid=\"false\" placeholder=\"Firma\" value=\"\" type=\"text\" name=\"your-company\" \/><\/span>\n<\/p>\n<p><span class=\"wpcf7-form-control-wrap\" data-name=\"your-country\"><input size=\"40\" maxlength=\"400\" class=\"wpcf7-form-control wpcf7-text wpcf7-validates-as-required\" aria-required=\"true\" aria-invalid=\"false\" placeholder=\"Kraj\" value=\"\" type=\"text\" name=\"your-country\" \/><\/span>\n<\/p>\n<p><span class=\"wpcf7-form-control-wrap\" data-name=\"phone-number\"><input size=\"40\" maxlength=\"400\" class=\"wpcf7-form-control wpcf7-text wpcf7-validates-as-required\" aria-required=\"true\" aria-invalid=\"false\" placeholder=\"Telefon\" value=\"\" type=\"text\" name=\"phone-number\" \/><\/span>\n<\/p>\n<p><span class=\"wpcf7-form-control-wrap\" data-name=\"your-email\"><input size=\"40\" maxlength=\"400\" class=\"wpcf7-form-control wpcf7-email wpcf7-validates-as-required wpcf7-text wpcf7-validates-as-email\" aria-required=\"true\" aria-invalid=\"false\" placeholder=\"E-mail\" value=\"\" type=\"email\" name=\"your-email\" \/><\/span>\n<\/p>\n<p><span class=\"wpcf7-form-control-wrap\" data-name=\"your-subject\"><input size=\"40\" maxlength=\"400\" class=\"wpcf7-form-control wpcf7-text wpcf7-validates-as-required\" aria-required=\"true\" aria-invalid=\"false\" placeholder=\"Temat\" value=\"\" type=\"text\" name=\"your-subject\" \/><\/span>\n<\/p>\n<p><span class=\"wpcf7-form-control-wrap\" data-name=\"your-message\"><textarea cols=\"40\" rows=\"10\" maxlength=\"2000\" class=\"wpcf7-form-control wpcf7-textarea\" aria-invalid=\"false\" placeholder=\"Twoja wiadomo\u015b\u0107\" name=\"your-message\"><\/textarea><\/span>\n<\/p>\n<p><span class=\"wpcf7-form-control-wrap\" data-name=\"acceptance-894\"><span class=\"wpcf7-form-control wpcf7-acceptance\"><span class=\"wpcf7-list-item\"><label><input type=\"checkbox\" name=\"acceptance-894\" value=\"1\" aria-invalid=\"false\" \/><span class=\"wpcf7-list-item-label\">(Wymagane) Wyra\u017cam zgod\u0119 na przetwarzanie moich danych osobowych w celu udzielenia odpowiedzi na zapytanie, zgodnie z Rozporz\u0105dzeniem Parlamentu Europejskiego i Rady (UE) 2016\/679 (RODO). Podanie danych jest dobrowolne, ale niezb\u0119dne do obs\u0142ugi zapytania. Administratorem danych osobowych jest FHUP GPP Pawe\u0142 Klich, ul. Majora Hubala 24, 32-090 S\u0142omniki, Polska - <a href=\"https:\/\/gpp-poland.com\/pl\/polityka-prywatnosci\/\">Polityka Prywatno\u015bci<\/a><\/span><\/label><\/span><\/span><\/span>\n<\/p>\n<p><button class=\"wpcf7-submit\">Wy\u015blij wiadomo\u015b\u0107<\/button>\n<\/p><div class=\"wpcf7-response-output\" aria-hidden=\"true\"><\/div>\n<\/form>\n<\/div>\n<\/div>\r\n\t\t\t\t\t<\/div>\r\n\t\t\t\t\t\r\n\t\t\t\t<\/div>[\/vc_column_inner][vc_column_inner el_class=&#8221;no-padding-mobile&#8221; offset=&#8221;vc_col-md-7&#8243; css=&#8221;.vc_custom_1667482390430{padding-left: 70px !important;}&#8221;]<div class=\"deeper-spacer clearfix\" data-config='{\"mobile\":80,\"smobile\":80}'><\/div>[vc_raw_html]JTNDaWZyYW1lJTIwc3JjJTNEJTIyaHR0cHMlM0ElMkYlMkZ3d3cuZ29vZ2xlLmNvbSUyRm1hcHMlMkZlbWJlZCUzRnBiJTNEJTIxMW0xOCUyMTFtMTIlMjExbTMlMjExZDI1NTIuMjE1NDc1MjIxMTA4NiUyMTJkMjAuMDcxODI4Mzk5OTk5OTk4JTIxM2Q1MC4yMzE4NzkyOTk5OTk5OTYlMjEybTMlMjExZjAlMjEyZjAlMjEzZjAlMjEzbTIlMjExaTEwMjQlMjEyaTc2OCUyMTRmMTMuMSUyMTNtMyUyMTFtMiUyMTFzMHg0NzE2NTJmMTYxMjNjZWFmJTI1M0EweGQ5YzlkN2MxY2JhMWZlNGMlMjEyc01ham9yYSUyNTIwSHViYWxhJTI1MjAyNCUyNTJDJTI1MjAzMi0wOTAlMjUyMFMlMjVDNSUyNTgyb21uaWtpJTIxNWUwJTIxM20yJTIxMXNwbCUyMTJzcGwlMjE0djE2NjYxNzYxMjMwODIlMjE1bTIlMjExc3BsJTIxMnNwbCUyMiUyMHdpZHRoJTNEJTIyODAwJTIyJTIwaGVpZ2h0JTNEJTIyNjAwJTIyJTIwc3R5bGUlM0QlMjJib3JkZXIlM0EwJTNCJTIyJTIwYWxsb3dmdWxsc2NyZWVuJTNEJTIyJTIyJTIwbG9hZGluZyUzRCUyMmxhenklMjIlMjByZWZlcnJlcnBvbGljeSUzRCUyMm5vLXJlZmVycmVyLXdoZW4tZG93bmdyYWRlJTIyJTNFJTNDJTJGaWZyYW1lJTNF[\/vc_raw_html][\/vc_column_inner][\/vc_row_inner]<div class=\"deeper-spacer clearfix\" data-config='{\"desktop\":150,\"mobile\":100,\"smobile\":100}'><\/div>[\/vc_column][\/vc_row]<\/p>\n<\/div>","protected":false},"excerpt":{"rendered":"<p>[vc_row full_width=&#8221;stretch_row&#8221; canvas=&#8221;%5B%7B%22shape%22%3A%22shape-1%22%2C%22image_effect%22%3A%22style-1%22%2C%22smoothness%22%3A%2230%22%7D%5D&#8221; css=&#8221;.vc_custom_1592643306738{background-color: #f8f8f9 !important;}&#8221;][vc_column][vc_row_inner][vc_column_inner offset=&#8221;vc_col-md-4&#8243;][\/vc_column_inner][vc_column_inner offset=&#8221;vc_col-md-4&#8243;][\/vc_column_inner][vc_column_inner offset=&#8221;vc_col-md-4&#8243;][\/vc_column_inner][\/vc_row_inner][\/vc_column][\/vc_row][vc_row canvas=&#8221;%5B%7B%22shape%22%3A%22shape-1%22%2C%22image_effect%22%3A%22style-1%22%2C%22smoothness%22%3A%2230%22%7D%5D&#8221; el_class=&#8221;contact&#8221;][vc_column][vc_row_inner equal_height=&#8221;yes&#8221;][vc_column_inner offset=&#8221;vc_col-md-5&#8243;][\/vc_column_inner][vc_column_inner el_class=&#8221;no-padding-mobile&#8221; offset=&#8221;vc_col-md-7&#8243; css=&#8221;.vc_custom_1667482390430{padding-left: 70px !important;}&#8221;][vc_raw_html]JTNDaWZyYW1lJTIwc3JjJTNEJTIyaHR0cHMlM0ElMkYlMkZ3d3cuZ29vZ2xlLmNvbSUyRm1hcHMlMkZlbWJlZCUzRnBiJTNEJTIxMW0xOCUyMTFtMTIlMjExbTMlMjExZDI1NTIuMjE1NDc1MjIxMTA4NiUyMTJkMjAuMDcxODI4Mzk5OTk5OTk4JTIxM2Q1MC4yMzE4NzkyOTk5OTk5OTYlMjEybTMlMjExZjAlMjEyZjAlMjEzZjAlMjEzbTIlMjExaTEwMjQlMjEyaTc2OCUyMTRmMTMuMSUyMTNtMyUyMTFtMiUyMTFzMHg0NzE2NTJmMTYxMjNjZWFmJTI1M0EweGQ5YzlkN2MxY2JhMWZlNGMlMjEyc01ham9yYSUyNTIwSHViYWxhJTI1MjAyNCUyNTJDJTI1MjAzMi0wOTAlMjUyMFMlMjVDNSUyNTgyb21uaWtpJTIxNWUwJTIxM20yJTIxMXNwbCUyMTJzcGwlMjE0djE2NjYxNzYxMjMwODIlMjE1bTIlMjExc3BsJTIxMnNwbCUyMiUyMHdpZHRoJTNEJTIyODAwJTIyJTIwaGVpZ2h0JTNEJTIyNjAwJTIyJTIwc3R5bGUlM0QlMjJib3JkZXIlM0EwJTNCJTIyJTIwYWxsb3dmdWxsc2NyZWVuJTNEJTIyJTIyJTIwbG9hZGluZyUzRCUyMmxhenklMjIlMjByZWZlcnJlcnBvbGljeSUzRCUyMm5vLXJlZmVycmVyLXdoZW4tZG93bmdyYWRlJTIyJTNFJTNDJTJGaWZyYW1lJTNF[\/vc_raw_html][\/vc_column_inner][\/vc_row_inner][\/vc_column][\/vc_row]<\/p>\n","protected":false},"author":1,"featured_media":0,"parent":0,"menu_order":0,"comment_status":"closed","ping_status":"closed","template":"","meta":{"footnotes":""},"class_list":["post-3542","page","type-page","status-publish","hentry"],"yoast_head":"<!-- This site is optimized with the Yoast SEO plugin v26.7 - https:\/\/yoast.com\/wordpress\/plugins\/seo\/ -->\n<title>Kontakt - GPP Poland<\/title>\n<meta name=\"robots\" content=\"index, follow, max-snippet:-1, max-image-preview:large, max-video-preview:-1\" \/>\n<link rel=\"canonical\" href=\"https:\/\/gpp-poland.com\/pl\/kontakt\/\" \/>\n<meta property=\"og:locale\" content=\"pl_PL\" \/>\n<meta property=\"og:type\" content=\"article\" \/>\n<meta property=\"og:title\" content=\"Kontakt - GPP Poland\" \/>\n<meta property=\"og:description\" content=\"[vc_row full_width=&#8221;stretch_row&#8221; canvas=&#8221;%5B%7B%22shape%22%3A%22shape-1%22%2C%22image_effect%22%3A%22style-1%22%2C%22smoothness%22%3A%2230%22%7D%5D&#8221; css=&#8221;.vc_custom_1592643306738{background-color: #f8f8f9 !important;}&#8221;][vc_column][vc_row_inner][vc_column_inner offset=&#8221;vc_col-md-4&#8243;][\/vc_column_inner][vc_column_inner offset=&#8221;vc_col-md-4&#8243;][\/vc_column_inner][vc_column_inner offset=&#8221;vc_col-md-4&#8243;][\/vc_column_inner][\/vc_row_inner][\/vc_column][\/vc_row][vc_row canvas=&#8221;%5B%7B%22shape%22%3A%22shape-1%22%2C%22image_effect%22%3A%22style-1%22%2C%22smoothness%22%3A%2230%22%7D%5D&#8221; el_class=&#8221;contact&#8221;][vc_column][vc_row_inner equal_height=&#8221;yes&#8221;][vc_column_inner offset=&#8221;vc_col-md-5&#8243;][\/vc_column_inner][vc_column_inner el_class=&#8221;no-padding-mobile&#8221; offset=&#8221;vc_col-md-7&#8243; css=&#8221;.vc_custom_1667482390430{padding-left: 70px !important;}&#8221;][vc_raw_html]JTNDaWZyYW1lJTIwc3JjJTNEJTIyaHR0cHMlM0ElMkYlMkZ3d3cuZ29vZ2xlLmNvbSUyRm1hcHMlMkZlbWJlZCUzRnBiJTNEJTIxMW0xOCUyMTFtMTIlMjExbTMlMjExZDI1NTIuMjE1NDc1MjIxMTA4NiUyMTJkMjAuMDcxODI4Mzk5OTk5OTk4JTIxM2Q1MC4yMzE4NzkyOTk5OTk5OTYlMjEybTMlMjExZjAlMjEyZjAlMjEzZjAlMjEzbTIlMjExaTEwMjQlMjEyaTc2OCUyMTRmMTMuMSUyMTNtMyUyMTFtMiUyMTFzMHg0NzE2NTJmMTYxMjNjZWFmJTI1M0EweGQ5YzlkN2MxY2JhMWZlNGMlMjEyc01ham9yYSUyNTIwSHViYWxhJTI1MjAyNCUyNTJDJTI1MjAzMi0wOTAlMjUyMFMlMjVDNSUyNTgyb21uaWtpJTIxNWUwJTIxM20yJTIxMXNwbCUyMTJzcGwlMjE0djE2NjYxNzYxMjMwODIlMjE1bTIlMjExc3BsJTIxMnNwbCUyMiUyMHdpZHRoJTNEJTIyODAwJTIyJTIwaGVpZ2h0JTNEJTIyNjAwJTIyJTIwc3R5bGUlM0QlMjJib3JkZXIlM0EwJTNCJTIyJTIwYWxsb3dmdWxsc2NyZWVuJTNEJTIyJTIyJTIwbG9hZGluZyUzRCUyMmxhenklMjIlMjByZWZlcnJlcnBvbGljeSUzRCUyMm5vLXJlZmVycmVyLXdoZW4tZG93bmdyYWRlJTIyJTNFJTNDJTJGaWZyYW1lJTNF[\/vc_raw_html][\/vc_column_inner][\/vc_row_inner][\/vc_column][\/vc_row]\" \/>\n<meta property=\"og:url\" content=\"https:\/\/gpp-poland.com\/pl\/kontakt\/\" \/>\n<meta property=\"og:site_name\" content=\"GPP Poland\" \/>\n<meta property=\"article:modified_time\" content=\"2026-03-27T17:12:16+00:00\" \/>\n<meta name=\"twitter:card\" content=\"summary_large_image\" \/>\n<meta name=\"twitter:label1\" content=\"Szacowany czas czytania\" \/>\n\t<meta name=\"twitter:data1\" content=\"1 minuta\" \/>\n<script type=\"application\/ld+json\" class=\"yoast-schema-graph\">{\"@context\":\"https:\/\/schema.org\",\"@graph\":[{\"@type\":\"WebPage\",\"@id\":\"https:\/\/gpp-poland.com\/pl\/kontakt\/\",\"url\":\"https:\/\/gpp-poland.com\/pl\/kontakt\/\",\"name\":\"Kontakt - GPP Poland\",\"isPartOf\":{\"@id\":\"https:\/\/gpp-poland.com\/#website\"},\"datePublished\":\"2020-06-20T07:10:47+00:00\",\"dateModified\":\"2026-03-27T17:12:16+00:00\",\"breadcrumb\":{\"@id\":\"https:\/\/gpp-poland.com\/pl\/kontakt\/#breadcrumb\"},\"inLanguage\":\"pl-PL\",\"potentialAction\":[{\"@type\":\"ReadAction\",\"target\":[\"https:\/\/gpp-poland.com\/pl\/kontakt\/\"]}]},{\"@type\":\"BreadcrumbList\",\"@id\":\"https:\/\/gpp-poland.com\/pl\/kontakt\/#breadcrumb\",\"itemListElement\":[{\"@type\":\"ListItem\",\"position\":1,\"name\":\"Strona g\u0142\u00f3wna\",\"item\":\"https:\/\/gpp-poland.com\/pl\/gp-poland\/\"},{\"@type\":\"ListItem\",\"position\":2,\"name\":\"Kontakt\"}]},{\"@type\":\"WebSite\",\"@id\":\"https:\/\/gpp-poland.com\/#website\",\"url\":\"https:\/\/gpp-poland.com\/\",\"name\":\"GPP Poland\",\"description\":\"\",\"publisher\":{\"@id\":\"https:\/\/gpp-poland.com\/#organization\"},\"potentialAction\":[{\"@type\":\"SearchAction\",\"target\":{\"@type\":\"EntryPoint\",\"urlTemplate\":\"https:\/\/gpp-poland.com\/?s={search_term_string}\"},\"query-input\":{\"@type\":\"PropertyValueSpecification\",\"valueRequired\":true,\"valueName\":\"search_term_string\"}}],\"inLanguage\":\"pl-PL\"},{\"@type\":\"Organization\",\"@id\":\"https:\/\/gpp-poland.com\/#organization\",\"name\":\"GPP Poland\",\"url\":\"https:\/\/gpp-poland.com\/\",\"logo\":{\"@type\":\"ImageObject\",\"inLanguage\":\"pl-PL\",\"@id\":\"https:\/\/gpp-poland.com\/#\/schema\/logo\/image\/\",\"url\":\"\",\"contentUrl\":\"\",\"caption\":\"GPP Poland\"},\"image\":{\"@id\":\"https:\/\/gpp-poland.com\/#\/schema\/logo\/image\/\"}}]}<\/script>\n<!-- \/ Yoast SEO plugin. -->","yoast_head_json":{"title":"Kontakt - GPP Poland","robots":{"index":"index","follow":"follow","max-snippet":"max-snippet:-1","max-image-preview":"max-image-preview:large","max-video-preview":"max-video-preview:-1"},"canonical":"https:\/\/gpp-poland.com\/pl\/kontakt\/","og_locale":"pl_PL","og_type":"article","og_title":"Kontakt - GPP Poland","og_description":"[vc_row full_width=&#8221;stretch_row&#8221; canvas=&#8221;%5B%7B%22shape%22%3A%22shape-1%22%2C%22image_effect%22%3A%22style-1%22%2C%22smoothness%22%3A%2230%22%7D%5D&#8221; css=&#8221;.vc_custom_1592643306738{background-color: #f8f8f9 !important;}&#8221;][vc_column][vc_row_inner][vc_column_inner offset=&#8221;vc_col-md-4&#8243;][\/vc_column_inner][vc_column_inner offset=&#8221;vc_col-md-4&#8243;][\/vc_column_inner][vc_column_inner offset=&#8221;vc_col-md-4&#8243;][\/vc_column_inner][\/vc_row_inner][\/vc_column][\/vc_row][vc_row canvas=&#8221;%5B%7B%22shape%22%3A%22shape-1%22%2C%22image_effect%22%3A%22style-1%22%2C%22smoothness%22%3A%2230%22%7D%5D&#8221; el_class=&#8221;contact&#8221;][vc_column][vc_row_inner equal_height=&#8221;yes&#8221;][vc_column_inner offset=&#8221;vc_col-md-5&#8243;][\/vc_column_inner][vc_column_inner el_class=&#8221;no-padding-mobile&#8221; offset=&#8221;vc_col-md-7&#8243; css=&#8221;.vc_custom_1667482390430{padding-left: 70px !important;}&#8221;][vc_raw_html]JTNDaWZyYW1lJTIwc3JjJTNEJTIyaHR0cHMlM0ElMkYlMkZ3d3cuZ29vZ2xlLmNvbSUyRm1hcHMlMkZlbWJlZCUzRnBiJTNEJTIxMW0xOCUyMTFtMTIlMjExbTMlMjExZDI1NTIuMjE1NDc1MjIxMTA4NiUyMTJkMjAuMDcxODI4Mzk5OTk5OTk4JTIxM2Q1MC4yMzE4NzkyOTk5OTk5OTYlMjEybTMlMjExZjAlMjEyZjAlMjEzZjAlMjEzbTIlMjExaTEwMjQlMjEyaTc2OCUyMTRmMTMuMSUyMTNtMyUyMTFtMiUyMTFzMHg0NzE2NTJmMTYxMjNjZWFmJTI1M0EweGQ5YzlkN2MxY2JhMWZlNGMlMjEyc01ham9yYSUyNTIwSHViYWxhJTI1MjAyNCUyNTJDJTI1MjAzMi0wOTAlMjUyMFMlMjVDNSUyNTgyb21uaWtpJTIxNWUwJTIxM20yJTIxMXNwbCUyMTJzcGwlMjE0djE2NjYxNzYxMjMwODIlMjE1bTIlMjExc3BsJTIxMnNwbCUyMiUyMHdpZHRoJTNEJTIyODAwJTIyJTIwaGVpZ2h0JTNEJTIyNjAwJTIyJTIwc3R5bGUlM0QlMjJib3JkZXIlM0EwJTNCJTIyJTIwYWxsb3dmdWxsc2NyZWVuJTNEJTIyJTIyJTIwbG9hZGluZyUzRCUyMmxhenklMjIlMjByZWZlcnJlcnBvbGljeSUzRCUyMm5vLXJlZmVycmVyLXdoZW4tZG93bmdyYWRlJTIyJTNFJTNDJTJGaWZyYW1lJTNF[\/vc_raw_html][\/vc_column_inner][\/vc_row_inner][\/vc_column][\/vc_row]","og_url":"https:\/\/gpp-poland.com\/pl\/kontakt\/","og_site_name":"GPP Poland","article_modified_time":"2026-03-27T17:12:16+00:00","twitter_card":"summary_large_image","twitter_misc":{"Szacowany czas czytania":"1 minuta"},"schema":{"@context":"https:\/\/schema.org","@graph":[{"@type":"WebPage","@id":"https:\/\/gpp-poland.com\/pl\/kontakt\/","url":"https:\/\/gpp-poland.com\/pl\/kontakt\/","name":"Kontakt - GPP Poland","isPartOf":{"@id":"https:\/\/gpp-poland.com\/#website"},"datePublished":"2020-06-20T07:10:47+00:00","dateModified":"2026-03-27T17:12:16+00:00","breadcrumb":{"@id":"https:\/\/gpp-poland.com\/pl\/kontakt\/#breadcrumb"},"inLanguage":"pl-PL","potentialAction":[{"@type":"ReadAction","target":["https:\/\/gpp-poland.com\/pl\/kontakt\/"]}]},{"@type":"BreadcrumbList","@id":"https:\/\/gpp-poland.com\/pl\/kontakt\/#breadcrumb","itemListElement":[{"@type":"ListItem","position":1,"name":"Strona g\u0142\u00f3wna","item":"https:\/\/gpp-poland.com\/pl\/gp-poland\/"},{"@type":"ListItem","position":2,"name":"Kontakt"}]},{"@type":"WebSite","@id":"https:\/\/gpp-poland.com\/#website","url":"https:\/\/gpp-poland.com\/","name":"GPP Poland","description":"","publisher":{"@id":"https:\/\/gpp-poland.com\/#organization"},"potentialAction":[{"@type":"SearchAction","target":{"@type":"EntryPoint","urlTemplate":"https:\/\/gpp-poland.com\/?s={search_term_string}"},"query-input":{"@type":"PropertyValueSpecification","valueRequired":true,"valueName":"search_term_string"}}],"inLanguage":"pl-PL"},{"@type":"Organization","@id":"https:\/\/gpp-poland.com\/#organization","name":"GPP Poland","url":"https:\/\/gpp-poland.com\/","logo":{"@type":"ImageObject","inLanguage":"pl-PL","@id":"https:\/\/gpp-poland.com\/#\/schema\/logo\/image\/","url":"","contentUrl":"","caption":"GPP Poland"},"image":{"@id":"https:\/\/gpp-poland.com\/#\/schema\/logo\/image\/"}}]}},"_links":{"self":[{"href":"https:\/\/gpp-poland.com\/pl\/wp-json\/wp\/v2\/pages\/3542","targetHints":{"allow":["GET"]}}],"collection":[{"href":"https:\/\/gpp-poland.com\/pl\/wp-json\/wp\/v2\/pages"}],"about":[{"href":"https:\/\/gpp-poland.com\/pl\/wp-json\/wp\/v2\/types\/page"}],"author":[{"embeddable":true,"href":"https:\/\/gpp-poland.com\/pl\/wp-json\/wp\/v2\/users\/1"}],"replies":[{"embeddable":true,"href":"https:\/\/gpp-poland.com\/pl\/wp-json\/wp\/v2\/comments?post=3542"}],"version-history":[{"count":5,"href":"https:\/\/gpp-poland.com\/pl\/wp-json\/wp\/v2\/pages\/3542\/revisions"}],"predecessor-version":[{"id":7643,"href":"https:\/\/gpp-poland.com\/pl\/wp-json\/wp\/v2\/pages\/3542\/revisions\/7643"}],"wp:attachment":[{"href":"https:\/\/gpp-poland.com\/pl\/wp-json\/wp\/v2\/media?parent=3542"}],"curies":[{"name":"wp","href":"https:\/\/api.w.org\/{rel}","templated":true}]}}